{"id":6103,"date":"2025-03-31T20:08:47","date_gmt":"2025-03-31T19:08:47","guid":{"rendered":"https:\/\/www.edtool.com\/?page_id=6103"},"modified":"2026-04-09T09:48:51","modified_gmt":"2026-04-09T08:48:51","slug":"prosba-o-wsparcie","status":"publish","type":"page","link":"https:\/\/www.edtool.com\/pl\/prosba-o-wsparcie\/","title":{"rendered":"Wsparcie techniczne"},"content":{"rendered":"<div data-elementor-type=\"wp-page\" data-elementor-id=\"6103\" class=\"elementor elementor-6103\" data-elementor-post-type=\"page\">\n\t\t\t\t<div class=\"elementor-element elementor-element-2046f1bf e-flex e-con-boxed e-con e-parent\" data-id=\"2046f1bf\" data-element_type=\"container\" data-settings=\"{&quot;background_background&quot;:&quot;classic&quot;}\">\n\t\t\t\t\t<div class=\"e-con-inner\">\n\t\t\t\t<div class=\"elementor-element elementor-element-d4394ce elementor-widget elementor-widget-image\" data-id=\"d4394ce\" data-element_type=\"widget\" data-widget_type=\"image.default\">\n\t\t\t\t<div class=\"elementor-widget-container\">\n\t\t\t\t\t\t\t\t\t\t\t\t\t\t\t<img fetchpriority=\"high\" decoding=\"async\" width=\"511\" height=\"511\" src=\"https:\/\/www.edtool.com\/wp-content\/uploads\/2025\/03\/icon_edtool_kolor_500px-white.png\" class=\"attachment-large size-large wp-image-4015\" alt=\"Abstrakcyjne bia\u0142e kszta\u0142ty na czarnym tle\" srcset=\"https:\/\/www.edtool.com\/wp-content\/uploads\/2025\/03\/icon_edtool_kolor_500px-white.png 511w, https:\/\/www.edtool.com\/wp-content\/uploads\/2025\/03\/icon_edtool_kolor_500px-white-300x300.png 300w, https:\/\/www.edtool.com\/wp-content\/uploads\/2025\/03\/icon_edtool_kolor_500px-white-150x150.png 150w, https:\/\/www.edtool.com\/wp-content\/uploads\/2025\/03\/icon_edtool_kolor_500px-white-12x12.png 12w\" sizes=\"(max-width: 511px) 100vw, 511px\" \/>\t\t\t\t\t\t\t\t\t\t\t\t\t\t\t<\/div>\n\t\t\t\t<\/div>\n\t\t\t\t<div class=\"elementor-element elementor-element-71a899d elementor-invisible elementor-widget elementor-widget-heading\" data-id=\"71a899d\" data-element_type=\"widget\" data-settings=\"{&quot;_animation&quot;:&quot;zoomIn&quot;}\" data-widget_type=\"heading.default\">\n\t\t\t\t<div class=\"elementor-widget-container\">\n\t\t\t\t\t<h1 class=\"elementor-heading-title elementor-size-default\">Wsparcie techniczne<\/h1>\t\t\t\t<\/div>\n\t\t\t\t<\/div>\n\t\t\t\t<div class=\"elementor-element elementor-element-8985362 elementor-widget elementor-widget-text-editor\" data-id=\"8985362\" data-element_type=\"widget\" data-widget_type=\"text-editor.default\">\n\t\t\t\t<div class=\"elementor-widget-container\">\n\t\t\t\t\t\t\t\t\t<p>Formularz zg\u0142oszeniowy\u00a0<\/p>\t\t\t\t\t\t\t\t<\/div>\n\t\t\t\t<\/div>\n\t\t\t\t\t<\/div>\n\t\t\t\t<\/div>\n\t\t<div class=\"elementor-element elementor-element-af7fe1d e-flex e-con-boxed e-con e-parent\" data-id=\"af7fe1d\" data-element_type=\"container\" data-settings=\"{&quot;background_background&quot;:&quot;classic&quot;}\">\n\t\t\t\t\t<div class=\"e-con-inner\">\n\t\t<div class=\"elementor-element elementor-element-ef5bc07 e-con-full e-flex e-con e-child\" data-id=\"ef5bc07\" data-element_type=\"container\">\n\t\t\t\t<div class=\"elementor-element elementor-element-00b90ed elementor-widget elementor-widget-spacer\" data-id=\"00b90ed\" data-element_type=\"widget\" data-widget_type=\"spacer.default\">\n\t\t\t\t<div class=\"elementor-widget-container\">\n\t\t\t\t\t\t\t<div class=\"elementor-spacer\">\n\t\t\t<div class=\"elementor-spacer-inner\"><\/div>\n\t\t<\/div>\n\t\t\t\t\t\t<\/div>\n\t\t\t\t<\/div>\n\t\t\t\t<div class=\"elementor-element elementor-element-7068100 elementor-widget elementor-widget-text-editor\" data-id=\"7068100\" data-element_type=\"widget\" data-widget_type=\"text-editor.default\">\n\t\t\t\t<div class=\"elementor-widget-container\">\n\t\t\t\t\t\t\t\t\t<p>Jeste\u015bmy tutaj, aby pom\u00f3c!<\/p>\t\t\t\t\t\t\t\t<\/div>\n\t\t\t\t<\/div>\n\t\t\t\t<div class=\"elementor-element elementor-element-dfd62bf elementor-widget__width-initial elementor-widget elementor-widget-text-editor\" data-id=\"dfd62bf\" data-element_type=\"widget\" data-widget_type=\"text-editor.default\">\n\t\t\t\t<div class=\"elementor-widget-container\">\n\t\t\t\t\t\t\t\t\t<p>Opisz sw\u00f3j problem, a my skontaktujemy si\u0119 z Tob\u0105 najszybciej jak to mo\u017cliwe.<\/p>\t\t\t\t\t\t\t\t<\/div>\n\t\t\t\t<\/div>\n\t\t\t\t<div class=\"elementor-element elementor-element-88433ad elementor-widget elementor-widget-spacer\" data-id=\"88433ad\" data-element_type=\"widget\" data-widget_type=\"spacer.default\">\n\t\t\t\t<div class=\"elementor-widget-container\">\n\t\t\t\t\t\t\t<div class=\"elementor-spacer\">\n\t\t\t<div class=\"elementor-spacer-inner\"><\/div>\n\t\t<\/div>\n\t\t\t\t\t\t<\/div>\n\t\t\t\t<\/div>\n\t\t\t\t<\/div>\n\t\t<div class=\"elementor-element elementor-element-ce143f1 e-con-full e-flex elementor-invisible e-con e-child\" data-id=\"ce143f1\" data-element_type=\"container\" data-settings=\"{&quot;background_background&quot;:&quot;classic&quot;,&quot;animation&quot;:&quot;fadeInUp&quot;}\">\n\t\t\t\t<div class=\"elementor-element elementor-element-5cc37be elementor-widget elementor-widget-html\" data-id=\"5cc37be\" data-element_type=\"widget\" data-widget_type=\"html.default\">\n\t\t\t\t<div class=\"elementor-widget-container\">\n\t\t\t\t\t<style>.elementor-element-5cc37be{display:none !important}<\/style>\t\t\t\t<\/div>\n\t\t\t\t<\/div>\n\t\t\t\t<div class=\"elementor-element elementor-element-c9a1c15 elementor-widget elementor-widget-html\" data-id=\"c9a1c15\" data-element_type=\"widget\" data-no-translation=\"\" data-widget_type=\"html.default\">\n\t\t\t\t<div class=\"elementor-widget-container\">\n\t\t\t\t\t<script charset=\"utf-8\" type=\"text\/javascript\" src=\"\/\/js.hsforms.net\/forms\/embed\/v2.js\"><\/script>\n<script>\n  hbspt.forms.create({\n    portalId: \"2900839\",\n    formId: \"b83835ce-971a-4f83-9d9c-42e2ed31a256\",\n    region: \"na1\"\n  });\n<\/script>\t\t\t\t<\/div>\n\t\t\t\t<\/div>\n\t\t\t\t<\/div>\n\t\t\t\t\t<\/div>\n\t\t\t\t<\/div>\n\t\t\t\t<\/div>","protected":false},"excerpt":{"rendered":"<p>Pro\u015bba o wsparcie Problem techniczny lub inny? Jeste\u015bmy tutaj, aby pom\u00f3c! Opisz sw\u00f3j problem, a skontaktujemy si\u0119 z Tob\u0105 tak szybko, jak to mo\u017cliwe.<\/p>","protected":false},"author":2,"featured_media":0,"parent":0,"menu_order":0,"comment_status":"closed","ping_status":"closed","template":"","meta":{"content-type":"","footnotes":""},"class_list":["post-6103","page","type-page","status-publish","hentry"],"_links":{"self":[{"href":"https:\/\/www.edtool.com\/pl\/wp-json\/wp\/v2\/pages\/6103","targetHints":{"allow":["GET"]}}],"collection":[{"href":"https:\/\/www.edtool.com\/pl\/wp-json\/wp\/v2\/pages"}],"about":[{"href":"https:\/\/www.edtool.com\/pl\/wp-json\/wp\/v2\/types\/page"}],"author":[{"embeddable":true,"href":"https:\/\/www.edtool.com\/pl\/wp-json\/wp\/v2\/users\/2"}],"replies":[{"embeddable":true,"href":"https:\/\/www.edtool.com\/pl\/wp-json\/wp\/v2\/comments?post=6103"}],"version-history":[{"count":44,"href":"https:\/\/www.edtool.com\/pl\/wp-json\/wp\/v2\/pages\/6103\/revisions"}],"predecessor-version":[{"id":14435,"href":"https:\/\/www.edtool.com\/pl\/wp-json\/wp\/v2\/pages\/6103\/revisions\/14435"}],"wp:attachment":[{"href":"https:\/\/www.edtool.com\/pl\/wp-json\/wp\/v2\/media?parent=6103"}],"curies":[{"name":"wp","href":"https:\/\/api.w.org\/{rel}","templated":true}]}}