{"id":4197,"date":"2025-03-20T15:01:24","date_gmt":"2025-03-20T15:01:24","guid":{"rendered":"https:\/\/www.edtool.com\/?page_id=4197"},"modified":"2026-04-09T09:50:08","modified_gmt":"2026-04-09T08:50:08","slug":"zglos-naruszenie","status":"publish","type":"page","link":"https:\/\/www.edtool.com\/pl\/zglos-naruszenie\/","title":{"rendered":"Zg\u0142o\u015b naruszenie"},"content":{"rendered":"<div data-elementor-type=\"wp-page\" data-elementor-id=\"4197\" class=\"elementor elementor-4197\" data-elementor-post-type=\"page\">\n\t\t\t\t<div class=\"elementor-element elementor-element-3e6bac43 e-flex e-con-boxed e-con e-parent\" data-id=\"3e6bac43\" data-element_type=\"container\" data-settings=\"{&quot;background_background&quot;:&quot;classic&quot;}\">\n\t\t\t\t\t<div class=\"e-con-inner\">\n\t\t\t\t<div class=\"elementor-element elementor-element-0cb3031 elementor-widget elementor-widget-image\" data-id=\"0cb3031\" data-element_type=\"widget\" data-widget_type=\"image.default\">\n\t\t\t\t<div class=\"elementor-widget-container\">\n\t\t\t\t\t\t\t\t\t\t\t\t\t\t\t<img fetchpriority=\"high\" decoding=\"async\" width=\"511\" height=\"511\" src=\"https:\/\/www.edtool.com\/wp-content\/uploads\/2025\/03\/icon_edtool_kolor_500px-white.png\" class=\"attachment-large size-large wp-image-4015\" alt=\"Abstrakcyjne bia\u0142e kszta\u0142ty na czarnym tle\" srcset=\"https:\/\/www.edtool.com\/wp-content\/uploads\/2025\/03\/icon_edtool_kolor_500px-white.png 511w, https:\/\/www.edtool.com\/wp-content\/uploads\/2025\/03\/icon_edtool_kolor_500px-white-300x300.png 300w, https:\/\/www.edtool.com\/wp-content\/uploads\/2025\/03\/icon_edtool_kolor_500px-white-150x150.png 150w, https:\/\/www.edtool.com\/wp-content\/uploads\/2025\/03\/icon_edtool_kolor_500px-white-12x12.png 12w\" sizes=\"(max-width: 511px) 100vw, 511px\" \/>\t\t\t\t\t\t\t\t\t\t\t\t\t\t\t<\/div>\n\t\t\t\t<\/div>\n\t\t\t\t<div class=\"elementor-element elementor-element-7206f00 elementor-invisible elementor-widget elementor-widget-heading\" data-id=\"7206f00\" data-element_type=\"widget\" data-settings=\"{&quot;_animation&quot;:&quot;zoomIn&quot;}\" data-widget_type=\"heading.default\">\n\t\t\t\t<div class=\"elementor-widget-container\">\n\t\t\t\t\t<h1 class=\"elementor-heading-title elementor-size-default\">Zg\u0142o\u015b naruszenie<\/h1>\t\t\t\t<\/div>\n\t\t\t\t<\/div>\n\t\t\t\t<div class=\"elementor-element elementor-element-749faad elementor-widget elementor-widget-text-editor\" data-id=\"749faad\" data-element_type=\"widget\" data-widget_type=\"text-editor.default\">\n\t\t\t\t<div class=\"elementor-widget-container\">\n\t\t\t\t\t\t\t\t\t<p>Sygnali\u015bci<\/p>\t\t\t\t\t\t\t\t<\/div>\n\t\t\t\t<\/div>\n\t\t\t\t\t<\/div>\n\t\t\t\t<\/div>\n\t\t<div class=\"elementor-element elementor-element-a0819a0 e-flex e-con-boxed e-con e-parent\" data-id=\"a0819a0\" data-element_type=\"container\">\n\t\t\t\t\t<div class=\"e-con-inner\">\n\t\t<div class=\"elementor-element elementor-element-5be05ae e-con-full e-flex e-con e-child\" data-id=\"5be05ae\" data-element_type=\"container\">\n\t\t\t\t<div class=\"elementor-element elementor-element-a4afc77 elementor-widget__width-initial elementor-widget elementor-widget-text-editor\" data-id=\"a4afc77\" data-element_type=\"widget\" data-widget_type=\"text-editor.default\">\n\t\t\t\t<div class=\"elementor-widget-container\">\n\t\t\t\t\t\t\t\t\t<p>Zgodnie z obowi\u0105zuj\u0105c\u0105 w Learnetic SA Procedur\u0105 zg\u0142aszania i monitorowania narusze\u0144 informujemy, \u017ce utworzono specjalny adres e-mail s\u0142u\u017c\u0105cy do zg\u0142aszania narusze\u0144: <a href=\"mailto:naruszenia@lernetic.com\">naruszenie@lernetic.com<\/a>.<br \/>Zg\u0142oszenia narusze\u0144 powinny dotyczy\u0107 zamkni\u0119tej listy obszar\u00f3w okre\u015blonych w artykule 3.1 ustawy o ochronie sygnalist\u00f3w.<\/p>\t\t\t\t\t\t\t\t<\/div>\n\t\t\t\t<\/div>\n\t\t\t\t<div class=\"elementor-element elementor-element-2db7112 elementor-widget__width-initial elementor-widget elementor-widget-text-editor\" data-id=\"2db7112\" data-element_type=\"widget\" data-widget_type=\"text-editor.default\">\n\t\t\t\t<div class=\"elementor-widget-container\">\n\t\t\t\t\t\t\t\t\t<p>Raport przes\u0142any na adres e-mail powinien zawiera\u0107 jasne i kompletne wyja\u015bnienie przedmiotu raportu oraz zawiera\u0107 co najmniej nast\u0119puj\u0105ce informacje:<\/p><ol><li>Data i miejsce naruszenia prawa albo data i miejsce uzyskania informacji o naruszeniu prawa.<\/li><li>Nale\u017cy wskaza\u0107 obszar, kt\u00f3rego dotyczy raport (lista dost\u0119pna jest w art. 3.1 ustawy).<\/li><li>Opis konkretnej sytuacji lub okoliczno\u015bci, kt\u00f3re mog\u0105 stwarza\u0107 mo\u017cliwo\u015b\u0107 naruszenia prawa.<\/li><li>Wska\u017c podmiot, kt\u00f3rego dotyczy raport,<br \/>5) Wska\u017c potencjalnych \u015bwiadk\u00f3w naruszenia prawa.<\/li><li>Nale\u017cy dostarczy\u0107 wszelkie dowody i informacje, kt\u00f3rymi dysponuje sygnalista, a kt\u00f3re mog\u0105 okaza\u0107 si\u0119 pomocne w procesie rozpatrywania zg\u0142oszenia.<\/li><li>Wska\u017c preferowan\u0105 metod\u0119 kontaktu w celu uzyskania opinii.<\/li><\/ol>\t\t\t\t\t\t\t\t<\/div>\n\t\t\t\t<\/div>\n\t\t\t\t<\/div>\n\t\t\t\t\t<\/div>\n\t\t\t\t<\/div>\n\t\t\t\t<\/div>","protected":false},"excerpt":{"rendered":"<p>Zg\u0142o\u015b naruszenie Sygnali\u015bci Zgodnie z obowi\u0105zuj\u0105c\u0105 w Learnetic SA Procedur\u0105 zg\u0142aszania i monitorowania, informujemy, \u017ce utworzono dedykowany adres e-mail do zg\u0142aszania narusze\u0144: naruszenie@lernetic.com. Zg\u0142oszenia narusze\u0144 powinny dotyczy\u0107 zamkni\u0119tej listy obszar\u00f3w okre\u015blonych w artykule 3.1 Ustawy o ochronie sygnalist\u00f3w. Zg\u0142oszenie z\u0142o\u017cone do [\u2026]<\/p>","protected":false},"author":2,"featured_media":0,"parent":0,"menu_order":0,"comment_status":"closed","ping_status":"closed","template":"","meta":{"content-type":"","footnotes":""},"class_list":["post-4197","page","type-page","status-publish","hentry"],"_links":{"self":[{"href":"https:\/\/www.edtool.com\/pl\/wp-json\/wp\/v2\/pages\/4197","targetHints":{"allow":["GET"]}}],"collection":[{"href":"https:\/\/www.edtool.com\/pl\/wp-json\/wp\/v2\/pages"}],"about":[{"href":"https:\/\/www.edtool.com\/pl\/wp-json\/wp\/v2\/types\/page"}],"author":[{"embeddable":true,"href":"https:\/\/www.edtool.com\/pl\/wp-json\/wp\/v2\/users\/2"}],"replies":[{"embeddable":true,"href":"https:\/\/www.edtool.com\/pl\/wp-json\/wp\/v2\/comments?post=4197"}],"version-history":[{"count":20,"href":"https:\/\/www.edtool.com\/pl\/wp-json\/wp\/v2\/pages\/4197\/revisions"}],"predecessor-version":[{"id":14438,"href":"https:\/\/www.edtool.com\/pl\/wp-json\/wp\/v2\/pages\/4197\/revisions\/14438"}],"wp:attachment":[{"href":"https:\/\/www.edtool.com\/pl\/wp-json\/wp\/v2\/media?parent=4197"}],"curies":[{"name":"wp","href":"https:\/\/api.w.org\/{rel}","templated":true}]}}