{"id":2381,"date":"2025-03-07T12:56:12","date_gmt":"2025-03-07T12:56:12","guid":{"rendered":"https:\/\/www.edtool.com\/?page_id=2381"},"modified":"2026-04-09T09:51:39","modified_gmt":"2026-04-09T08:51:39","slug":"polityka-plikow-cookie","status":"publish","type":"page","link":"https:\/\/www.edtool.com\/pl\/polityka-plikow-cookie\/","title":{"rendered":"Polityka cookie"},"content":{"rendered":"<div data-elementor-type=\"wp-page\" data-elementor-id=\"2381\" class=\"elementor elementor-2381\" data-elementor-post-type=\"page\">\n\t\t\t\t<div class=\"elementor-element elementor-element-659d688 e-flex e-con-boxed e-con e-parent\" data-id=\"659d688\" data-element_type=\"container\" data-settings=\"{&quot;background_background&quot;:&quot;classic&quot;}\">\n\t\t\t\t\t<div class=\"e-con-inner\">\n\t\t\t\t<div class=\"elementor-element elementor-element-16c8fbd elementor-widget elementor-widget-spacer\" data-id=\"16c8fbd\" data-element_type=\"widget\" data-widget_type=\"spacer.default\">\n\t\t\t\t<div class=\"elementor-widget-container\">\n\t\t\t\t\t\t\t<div class=\"elementor-spacer\">\n\t\t\t<div class=\"elementor-spacer-inner\"><\/div>\n\t\t<\/div>\n\t\t\t\t\t\t<\/div>\n\t\t\t\t<\/div>\n\t\t\t\t<div class=\"elementor-element elementor-element-ffcc52b elementor-widget elementor-widget-image\" data-id=\"ffcc52b\" data-element_type=\"widget\" data-widget_type=\"image.default\">\n\t\t\t\t<div class=\"elementor-widget-container\">\n\t\t\t\t\t\t\t\t\t\t\t\t\t\t\t<img fetchpriority=\"high\" decoding=\"async\" width=\"511\" height=\"511\" src=\"https:\/\/www.edtool.com\/wp-content\/uploads\/2025\/03\/icon_edtool_kolor_500px-white.png\" class=\"attachment-large size-large wp-image-4015\" alt=\"Abstrakcyjne bia\u0142e kszta\u0142ty na czarnym tle\" srcset=\"https:\/\/www.edtool.com\/wp-content\/uploads\/2025\/03\/icon_edtool_kolor_500px-white.png 511w, https:\/\/www.edtool.com\/wp-content\/uploads\/2025\/03\/icon_edtool_kolor_500px-white-300x300.png 300w, https:\/\/www.edtool.com\/wp-content\/uploads\/2025\/03\/icon_edtool_kolor_500px-white-150x150.png 150w, https:\/\/www.edtool.com\/wp-content\/uploads\/2025\/03\/icon_edtool_kolor_500px-white-12x12.png 12w\" sizes=\"(max-width: 511px) 100vw, 511px\" \/>\t\t\t\t\t\t\t\t\t\t\t\t\t\t\t<\/div>\n\t\t\t\t<\/div>\n\t\t\t\t<div class=\"elementor-element elementor-element-6f10a1c elementor-widget elementor-widget-heading\" data-id=\"6f10a1c\" data-element_type=\"widget\" data-widget_type=\"heading.default\">\n\t\t\t\t<div class=\"elementor-widget-container\">\n\t\t\t\t\t<style>.elementor-element-6f10a1c{display:none !important}<\/style>\t\t\t\t<\/div>\n\t\t\t\t<\/div>\n\t\t\t\t<div class=\"elementor-element elementor-element-b2020fe elementor-widget elementor-widget-heading\" data-id=\"b2020fe\" data-element_type=\"widget\" data-widget_type=\"heading.default\">\n\t\t\t\t<div class=\"elementor-widget-container\">\n\t\t\t\t\t<h1 class=\"elementor-heading-title elementor-size-default\">Polityka plik\u00f3w cookie<\/h1>\t\t\t\t<\/div>\n\t\t\t\t<\/div>\n\t\t\t\t\t<\/div>\n\t\t\t\t<\/div>\n\t\t<div class=\"elementor-element elementor-element-fc93e09 e-flex e-con-boxed e-con e-parent\" data-id=\"fc93e09\" data-element_type=\"container\" data-settings=\"{&quot;background_background&quot;:&quot;classic&quot;}\">\n\t\t\t\t\t<div class=\"e-con-inner\">\n\t\t<div class=\"elementor-element elementor-element-e37e33a e-con-full e-flex e-con e-child\" data-id=\"e37e33a\" data-element_type=\"container\" data-settings=\"{&quot;background_background&quot;:&quot;classic&quot;}\">\n\t\t<div class=\"elementor-element elementor-element-1b63937 e-con-full e-flex e-con e-child\" data-id=\"1b63937\" data-element_type=\"container\" data-no-translation=\"\">\n\t\t\t\t<div class=\"elementor-element elementor-element-baa446f elementor-widget__width-initial elementor-widget elementor-widget-text-editor\" data-id=\"baa446f\" data-element_type=\"widget\" data-widget_type=\"text-editor.default\">\n\t\t\t\t<div class=\"elementor-widget-container\">\n\t\t\t\t\t\t\t\t\t<h4>Polityka plik\u00f3w cookie<\/h4><p><span style=\"font-weight: 400;\">Platforma EdTool i powi\u0105zane z ni\u0105 strony internetowe u\u017cywaj\u0105 plik\u00f3w cookie. Korzystaj\u0105c z platformy EdTool i jej stron internetowych oraz akceptuj\u0105c t\u0119 polityk\u0119, wyra\u017casz zgod\u0119 na u\u017cywanie przez nas plik\u00f3w cookie zgodnie z warunkami tej polityki.<\/span><\/p><h5><span style=\"font-weight: 400;\">O plikach cookie<\/span><\/h5><p><span style=\"font-weight: 400;\">Pliki cookie to pliki, cz\u0119sto zawieraj\u0105ce unikalne identyfikatory, kt\u00f3re s\u0105 wysy\u0142ane przez serwery internetowe do przegl\u0105darek internetowych i mog\u0105 by\u0107 nast\u0119pnie wysy\u0142ane z powrotem do serwera za ka\u017cdym razem, gdy przegl\u0105darka \u017c\u0105da strony z serwera. U\u017cywanie plik\u00f3w cookie jest standardem bran\u017cowym, a wiele g\u0142\u00f3wnych platform internetowych lub stron internetowych u\u017cywa ich w celu zapewnienia klientom przydatnych funkcji.<\/span><\/p><p><span style=\"font-weight: 400;\">Pliki cookie mog\u0105 by\u0107 u\u017cywane przez serwery internetowe do identyfikowania i \u015bledzenia u\u017cytkownik\u00f3w podczas poruszania si\u0119 po r\u00f3\u017cnych stronach witryny oraz do identyfikowania u\u017cytkownik\u00f3w powracaj\u0105cych na witryn\u0119.<\/span><\/p><p><span style=\"font-weight: 400;\">Pliki cookie mog\u0105 by\u0107 plikami \u201etrwa\u0142ymi\u201d lub \u201esesyjnymi\u201d. Trwa\u0142y plik cookie umo\u017cliwia rozpoznanie u\u017cytkownika podczas nast\u0119pnej wizyty na stronie internetowej. Sk\u0142ada si\u0119 z pliku tekstowego wys\u0142anego przez serwer do przegl\u0105darki internetowej, kt\u00f3ry zostanie zapisany przez przegl\u0105dark\u0119 i pozostanie wa\u017cny na Twoim urz\u0105dzeniu do ustawionej daty jego wyga\u015bni\u0119cia (chyba \u017ce zostanie usuni\u0119ty przez u\u017cytkownika przed dat\u0105 wyga\u015bni\u0119cia). Z drugiej strony, sesyjny plik cookie wygasa po zako\u0144czeniu sesji internetowej u\u017cytkownika, po zamkni\u0119ciu przegl\u0105darki internetowej lub po wy\u0142\u0105czeniu urz\u0105dzenia.<\/span><\/p><h5><span style=\"font-weight: 400;\">Pliki cookie na naszej platformie i stronach internetowych<\/span><\/h5><p><span style=\"font-weight: 400;\">Na platformie EdTool i jej stronach internetowych u\u017cywamy zar\u00f3wno sesyjnych, jak i trwa\u0142ych plik\u00f3w cookie.<\/span><\/p><h5><span style=\"font-weight: 400;\">Jak u\u017cywamy plik\u00f3w cookie<\/span><\/h5><p><span style=\"font-weight: 400;\">Pliki cookie nie zawieraj\u0105 \u017cadnych informacji, kt\u00f3re identyfikuj\u0105 Ci\u0119 osobi\u015bcie, ale dane osobowe, kt\u00f3re przechowujemy na Tw\u00f3j temat, mog\u0105 by\u0107 przez nas powi\u0105zane z informacjami przechowywanymi w plikach cookie i uzyskanymi z nich. Na przyk\u0142ad u\u017cywamy plik\u00f3w cookie, aby odr\u00f3\u017cni\u0107 Ci\u0119 od innych u\u017cytkownik\u00f3w naszej platformy lub stron internetowych oraz zapewni\u0107 Ci funkcjonalno\u015b\u0107 i lepsz\u0105 jako\u015b\u0107 u\u017cytkowania. Pliki cookie u\u017cywane na platformie EdTool i jej stronach internetowych obejmuj\u0105 te, kt\u00f3re s\u0105 \u015bci\u015ble niezb\u0119dnymi plikami cookie do zapewnienia dost\u0119pu i nawigacji (tzw. \u201c\u015aci\u015ble niezb\u0119dne\u201d), pliki cookie, kt\u00f3re \u015bledz\u0105 spos\u00f3b u\u017cytkowania platformy lub strony (tzw. \u201cAnalityczne\u201d), zapami\u0119tuj\u0105 Twoje wybory (tzw. \u201cFunkcjonalne\u201d) oraz pliki cookie, kt\u00f3re pomagaj\u0105 dostarcza\u0107 Ci ukierunkowane tre\u015bci lub reklamy (tzw. \u201dMarketingowe\u201d).<\/span><\/p><p><span style=\"font-weight: 400;\">Mo\u017cemy wykorzystywa\u0107 informacje uzyskane z Twojego korzystania z naszych plik\u00f3w cookie do nast\u0119puj\u0105cych cel\u00f3w:<\/span><\/p><p><span style=\"background-color: transparent; text-align: var(--text-align); color: var( --e-global-color-text ); font-family: var( --e-global-typography-4ed8f43-font-family ), Sans-serif;\">a) rozpoznawania Twojego urz\u0105dzenia podczas odwiedzania platformy EdTool lub jej witryn,<br \/><\/span><span style=\"background-color: transparent; color: var( --e-global-color-text ); font-family: var( --e-global-typography-4ed8f43-font-family ), Sans-serif; text-align: var(--text-align); font-size: var( --e-global-typography-4ed8f43-font-size ); font-weight: var( --e-global-typography-4ed8f43-font-weight );\">b) monitorowania Ci\u0119 podczas nawigacji po platformie EdTool lub jej witrynach,<br \/><\/span><span style=\"background-color: transparent; text-align: var(--text-align); color: var( --e-global-color-text ); font-family: var( --e-global-typography-4ed8f43-font-family ), Sans-serif;\">c) poprawy u\u017cyteczno\u015bci naszej platformy i witryn,<br \/><\/span><span style=\"background-color: transparent; text-align: var(--text-align); color: var( --e-global-color-text ); font-family: var( --e-global-typography-4ed8f43-font-family ), Sans-serif;\">d) analizowania korzystania z naszej platformy i witryn,<br \/><\/span><span style=\"background-color: transparent; text-align: var(--text-align); color: var( --e-global-color-text ); font-family: var( --e-global-typography-4ed8f43-font-family ), Sans-serif;\">e) administrowania platform\u0105 i witrynami,<br \/><\/span><span style=\"background-color: transparent; text-align: var(--text-align); color: var( --e-global-color-text ); font-family: var( --e-global-typography-4ed8f43-font-family ), Sans-serif;\">f) personalizowania naszej platformy i witryn dla Ciebie,<\/span><\/p><h5><span style=\"font-weight: 400;\">Pliki cookie stron trzecich<\/span><\/h5><p><span style=\"font-weight: 400;\">Gdy korzystasz z naszej platformy lub witryn, mo\u017cesz r\u00f3wnie\u017c otrzymywa\u0107 pliki cookie stron trzecich. Nie umieszczamy tre\u015bci reklamowych \u017cadnych stron trzecich na naszych platformach ani witrynach. Jednak nasi dostawcy us\u0142ug, w tym firmy, u kt\u00f3rych zamawiamy nasze reklamy, mog\u0105 wysy\u0142a\u0107 Ci pliki cookie. Mog\u0105 oni wykorzystywa\u0107 informacje uzyskane na podstawie Twojego korzystania z ich plik\u00f3w cookie do:<\/span><\/p><p><span style=\"background-color: transparent; text-align: var(--text-align); color: var( --e-global-color-text ); font-family: var( --e-global-typography-4ed8f43-font-family ), Sans-serif;\">a) \u015bledzenia Twojej przegl\u0105darki na naszej i innych witrynach,<br \/><\/span><span style=\"background-color: transparent; text-align: var(--text-align); color: var( --e-global-color-text ); font-family: var( --e-global-typography-4ed8f43-font-family ), Sans-serif;\">b) tworzenia profilu Twojego przegl\u0105dania stron internetowych,<br \/><\/span><span style=\"background-color: transparent; text-align: var(--text-align); color: var( --e-global-color-text ); font-family: var( --e-global-typography-4ed8f43-font-family ), Sans-serif;\">c) kierowania reklam, kt\u00f3re mog\u0105 Ci\u0119 szczeg\u00f3lnie zainteresowa\u0107.<\/span><\/p><h5><span style=\"font-weight: 400;\">Jakie dane s\u0105 przechowywane w plikach cookie?<\/span><\/h5><p><span style=\"font-weight: 400;\">Pliki cookie pomagaj\u0105 naszej platformie i witrynom dzia\u0142a\u0107 lepiej, bezpieczniej i wydajniej. Pliki cookie, kt\u00f3rych u\u017cywamy, pomagaj\u0105 nam zbiera\u0107 wiarygodne informacje o korzystaniu ze strony i mog\u0105 zawiera\u0107:<\/span><\/p><p><span style=\"background-color: transparent; text-align: var(--text-align); color: var( --e-global-color-text ); font-family: var( --e-global-typography-4ed8f43-font-family ), Sans-serif;\">a) nazw\u0119 domeny i hosta, z kt\u00f3rego uzyskujesz dost\u0119p do Internetu,<br \/><\/span><span style=\"background-color: transparent; text-align: var(--text-align); color: var( --e-global-color-text ); font-family: var( --e-global-typography-4ed8f43-font-family ), Sans-serif;\">b) adres IP Twojego urz\u0105dzenia,<br \/><\/span><span style=\"background-color: transparent; text-align: var(--text-align); color: var( --e-global-color-text ); font-family: var( --e-global-typography-4ed8f43-font-family ), Sans-serif;\">c) nazw\u0119 Twojego dostawcy Internetu,<br \/><\/span><span style=\"background-color: transparent; text-align: var(--text-align); color: var( --e-global-color-text ); font-family: var( --e-global-typography-4ed8f43-font-family ), Sans-serif;\">d) typ u\u017cywanej przegl\u0105darki,<br \/><\/span><span style=\"background-color: transparent; text-align: var(--text-align); color: var( --e-global-color-text ); font-family: var( --e-global-typography-4ed8f43-font-family ), Sans-serif;\">e) system operacyjny Twojego urz\u0105dzenia i jego typ,<br \/><\/span><span style=\"background-color: transparent; text-align: var(--text-align); color: var( --e-global-color-text ); font-family: var( --e-global-typography-4ed8f43-font-family ), Sans-serif;\">f) spos\u00f3b, w jaki znajdujesz nasz\u0105 stron\u0119 internetow\u0105 (nazwa strony internetowej, kt\u00f3ra Ci\u0119 do nas kieruje)<br \/><\/span><span style=\"background-color: transparent; text-align: var(--text-align); color: var( --e-global-color-text ); font-family: var( --e-global-typography-4ed8f43-font-family ), Sans-serif;\">g) dat\u0119, godzin\u0119 i dane lokalizacyjne dotycz\u0105ce Twojej sesji korzystania z platformy lub strony internetowej.<\/span><\/p><h5><span style=\"font-weight: 400;\">Ustawienia plik\u00f3w cookie<\/span><\/h5><p><span style=\"font-weight: 400;\">Prawo stanowi, \u017ce mo\u017cemy przechowywa\u0107 nasze pliki cookie na Twoim urz\u0105dzeniu, je\u015bli s\u0105 one absolutnie niezb\u0119dne do dzia\u0142ania naszej platformy lub witryny. W przypadku wszystkich innych typ\u00f3w plik\u00f3w cookie potrzebujemy Twojej zgody.\u00a0<\/span><span style=\"text-align: var(--text-align); background-color: var( --e-global-color-359bfc4 );\">Mo\u017cesz zarz\u0105dza\u0107 plikami cookie, kt\u00f3re przechowujemy na tym urz\u0105dzeniu, klikaj\u0105c poni\u017cszy przycisk:\u00a0<\/span><\/p>\t\t\t\t\t\t\t\t<\/div>\n\t\t\t\t<\/div>\n\t\t\t\t<div class=\"elementor-element elementor-element-dd05c01 elementor-widget__width-initial elementor-widget elementor-widget-shortcode\" data-id=\"dd05c01\" data-element_type=\"widget\" data-widget_type=\"shortcode.default\">\n\t\t\t\t<div class=\"elementor-widget-container\">\n\t\t\t\t\t\t\t<div class=\"elementor-shortcode\"><!-- Start of HubSpot code snippet -->\n<button type=\"button\" id=\"hs_show_banner_button\"\nstyle=\"background-color: #1C5348; border: 1px solid #eeeeee;       border-radius: 25px; padding: 10px 26px; text-decoration: none; color: #fff;       font-family: inherit; font-size: inherit; font-weight: normal; line-height: inherit;       text-align: left; text-shadow: none;\"\nonclick=\"(function(){  var _hsp = window._hsp = window._hsp || [];  _hsp.push(['showBanner']);})()\"\n>\nUstawienia plik\u00f3w cookie\n<\/button>\n\n<!-- End of HubSpot code snippet --><\/div>\n\t\t\t\t\t\t<\/div>\n\t\t\t\t<\/div>\n\t\t\t\t<div class=\"elementor-element elementor-element-a41dfb6 elementor-widget__width-initial elementor-widget elementor-widget-text-editor\" data-id=\"a41dfb6\" data-element_type=\"widget\" data-widget_type=\"text-editor.default\">\n\t\t\t\t<div class=\"elementor-widget-container\">\n\t\t\t\t\t\t\t\t\t<p><span style=\"font-weight: 400; color: var( --e-global-color-primary ); font-family: var( --e-global-typography-6b9055b-font-family ), Sans-serif; font-size: var( --e-global-typography-6b9055b-font-size ); text-align: var(--text-align); background-color: var( --e-global-color-359bfc4 );\">Jak kontrolowa\u0107 pliki cookie?<\/span><\/p><p><span style=\"font-weight: 400;\">Wi\u0119kszo\u015b\u0107 przegl\u0105darek jest standardowo ustawiona na akceptowanie plik\u00f3w cookie. Masz kontrol\u0119 nad tym, w jaki spos\u00f3b te informacje s\u0105 gromadzone i wykorzystywane. Je\u015bli wolisz, mo\u017cesz ustawi\u0107 swoj\u0105 przegl\u0105dark\u0119 tak, aby odmawia\u0142a akceptowania plik\u00f3w cookie i uniemo\u017cliwia\u0142a ich gromadzenie i przechowywanie (\u201eblokowanie plik\u00f3w cookie\u201d). Jednak\u017ce w takim przypadku, nie b\u0119dziesz m\u00f3g\u0142 w pe\u0142ni korzysta\u0107 z naszej platformy lub witryn.<\/span><\/p><p><span style=\"font-weight: 400;\">Mo\u017cesz r\u00f3wnie\u017c usun\u0105\u0107 pliki cookie ju\u017c zapisane na Twoim urz\u0105dzeniu (\u201eusuwanie plik\u00f3w cookie\u201d). Mo\u017cesz usun\u0105\u0107 wszystkie pliki cookie z wyj\u0105tkiem niezb\u0119dnych. Je\u015bli robisz to regularnie, mo\u017ce by\u0107 konieczne r\u0119czne dostosowanie niekt\u00f3rych preferencji za ka\u017cdym razem, gdy odwiedzasz nasz\u0105 platform\u0119, a niekt\u00f3re us\u0142ugi i funkcje mog\u0105 nie dzia\u0142a\u0107 prawid\u0142owo.<\/span><\/p><p><span style=\"font-weight: 400;\">Aby dowiedzie\u0107 si\u0119, jak kontrolowa\u0107 pliki cookie, zapoznaj si\u0119 z informacjami dotycz\u0105cymi ustawie\u0144 i konfiguracji konkretnej przegl\u0105darki, kt\u00f3rej u\u017cywasz do korzystania z naszej platformy i przegl\u0105dania naszych witryn.\u00a0<\/span><\/p><h6>Skontaktuj si\u0119 z nami<\/h6><p>Strona internetowa i platforma EdTool s\u0105 w\u0142asno\u015bci\u0105 i s\u0105 prowadzone przez Learnetic SA, sp\u00f3\u0142k\u0119 zarejestrowan\u0105 pod numerem KRS 0000367973 z siedzib\u0105 przy ul. Azymutalnej 9, 80-298 Gda\u0144sk, Polska.<\/p><p>Je\u015bli masz jakiekolwiek pytania lub uwagi dotycz\u0105ce niniejszej informacji lub chcesz, aby\u015bmy zaktualizowali informacje, kt\u00f3re mamy o Tobie lub Twoich preferencjach, skontaktuj si\u0119 z nami pod adresem <a href=\"mailto:iod.@learnetic.com\">iod.@learnetic.com<\/a>.<\/p>\t\t\t\t\t\t\t\t<\/div>\n\t\t\t\t<\/div>\n\t\t\t\t<\/div>\n\t\t\t\t<\/div>\n\t\t\t\t\t<\/div>\n\t\t\t\t<\/div>\n\t\t<div class=\"elementor-element elementor-element-d6a3b88 e-flex e-con-boxed e-con e-parent\" data-id=\"d6a3b88\" data-element_type=\"container\" data-settings=\"{&quot;background_background&quot;:&quot;classic&quot;}\" data-no-translation=\"\">\n\t\t\t\t\t<div class=\"e-con-inner\">\n\t\t\t\t\t<\/div>\n\t\t\t\t<\/div>\n\t\t\t\t<\/div>","protected":false},"excerpt":{"rendered":"<p>Polityka plik\u00f3w cookie Polityka plik\u00f3w cookie Platforma EdTool i odpowiadaj\u0105ce jej strony internetowe u\u017cywaj\u0105 plik\u00f3w cookie. Korzystaj\u0105c z platformy EdTool i stron internetowych oraz akceptuj\u0105c t\u0119 polityk\u0119, wyra\u017casz zgod\u0119 na u\u017cywanie przez nas plik\u00f3w cookie zgodnie z warunkami tej polityki. O plikach cookie Pliki cookie to pliki, cz\u0119sto zawieraj\u0105ce unikalne identyfikatory, kt\u00f3re s\u0105 wysy\u0142ane przez serwery internetowe [\u2026]<\/p>","protected":false},"author":2,"featured_media":0,"parent":0,"menu_order":0,"comment_status":"closed","ping_status":"closed","template":"","meta":{"content-type":"","footnotes":""},"class_list":["post-2381","page","type-page","status-publish","hentry"],"_links":{"self":[{"href":"https:\/\/www.edtool.com\/pl\/wp-json\/wp\/v2\/pages\/2381","targetHints":{"allow":["GET"]}}],"collection":[{"href":"https:\/\/www.edtool.com\/pl\/wp-json\/wp\/v2\/pages"}],"about":[{"href":"https:\/\/www.edtool.com\/pl\/wp-json\/wp\/v2\/types\/page"}],"author":[{"embeddable":true,"href":"https:\/\/www.edtool.com\/pl\/wp-json\/wp\/v2\/users\/2"}],"replies":[{"embeddable":true,"href":"https:\/\/www.edtool.com\/pl\/wp-json\/wp\/v2\/comments?post=2381"}],"version-history":[{"count":98,"href":"https:\/\/www.edtool.com\/pl\/wp-json\/wp\/v2\/pages\/2381\/revisions"}],"predecessor-version":[{"id":14444,"href":"https:\/\/www.edtool.com\/pl\/wp-json\/wp\/v2\/pages\/2381\/revisions\/14444"}],"wp:attachment":[{"href":"https:\/\/www.edtool.com\/pl\/wp-json\/wp\/v2\/media?parent=2381"}],"curies":[{"name":"wp","href":"https:\/\/api.w.org\/{rel}","templated":true}]}}