{"id":1636,"date":"2025-03-04T12:44:55","date_gmt":"2025-03-04T12:44:55","guid":{"rendered":"https:\/\/www.edtool.com\/?page_id=1636"},"modified":"2025-03-06T08:38:05","modified_gmt":"2025-03-06T08:38:05","slug":"szkola-uniwersytet-edtool","status":"publish","type":"page","link":"https:\/\/www.edtool.com\/pl\/szkola-uniwersytet-edtool\/","title":{"rendered":"EdTool dla Szk\u00f3\u0142 i Uniwersytet\u00f3w: nowoczesna edukacja na poziomie instytucjonalnym"},"content":{"rendered":"<div data-elementor-type=\"wp-page\" data-elementor-id=\"1636\" class=\"elementor elementor-1636\" data-elementor-post-type=\"page\">\n\t\t\t\t<div class=\"elementor-element elementor-element-6ad744b8 e-flex e-con-boxed e-con e-parent\" data-id=\"6ad744b8\" data-element_type=\"container\" data-settings=\"{&quot;background_background&quot;:&quot;classic&quot;}\">\n\t\t\t\t\t<div class=\"e-con-inner\">\n\t\t\t\t<div class=\"elementor-element elementor-element-1a350585 elementor-widget elementor-widget-heading\" data-id=\"1a350585\" data-element_type=\"widget\" data-widget_type=\"heading.default\">\n\t\t\t\t<div class=\"elementor-widget-container\">\n\t\t\t\t\t<h1 class=\"elementor-heading-title elementor-size-default\">School & University\n<\/h1>\t\t\t\t<\/div>\n\t\t\t\t<\/div>\n\t\t\t\t\t<\/div>\n\t\t\t\t<\/div>\n\t\t<div class=\"elementor-element elementor-element-3a09321b e-flex e-con-boxed e-con e-parent\" data-id=\"3a09321b\" data-element_type=\"container\">\n\t\t\t\t\t<div class=\"e-con-inner\">\n\t\t<div class=\"elementor-element elementor-element-7072e5dc e-flex e-con-boxed e-con e-child\" data-id=\"7072e5dc\" data-element_type=\"container\">\n\t\t\t\t\t<div class=\"e-con-inner\">\n\t\t<div class=\"elementor-element elementor-element-49c7f83a e-con-full e-flex e-con e-child\" data-id=\"49c7f83a\" data-element_type=\"container\">\n\t\t\t\t<div class=\"elementor-element elementor-element-73c7a9a5 elementor-invisible elementor-widget elementor-widget-heading\" data-id=\"73c7a9a5\" data-element_type=\"widget\" data-settings=\"{&quot;_animation&quot;:&quot;fadeInUp&quot;}\" data-widget_type=\"heading.default\">\n\t\t\t\t<div class=\"elementor-widget-container\">\n\t\t\t\t\t<h2 class=\"elementor-heading-title elementor-size-default\">School & University EdTool: Transform Campus-Wide Learning with Institutional Innovation<\/h2>\t\t\t\t<\/div>\n\t\t\t\t<\/div>\n\t\t\t\t<\/div>\n\t\t\t\t\t<\/div>\n\t\t\t\t<\/div>\n\t\t<div class=\"elementor-element elementor-element-21c9e36a e-flex e-con-boxed e-con e-child\" data-id=\"21c9e36a\" data-element_type=\"container\">\n\t\t\t\t\t<div class=\"e-con-inner\">\n\t\t<div class=\"elementor-element elementor-element-5a64ff42 e-con-full e-flex e-con e-child\" data-id=\"5a64ff42\" data-element_type=\"container\">\n\t\t\t\t<div class=\"elementor-element elementor-element-1a0c7f2f elementor-widget elementor-widget-jkit_heading\" data-id=\"1a0c7f2f\" data-element_type=\"widget\" data-widget_type=\"jkit_heading.default\">\n\t\t\t\t<div class=\"elementor-widget-container\">\n\t\t\t\t\t<div  class=\"jeg-elementor-kit jkit-heading  align- align-tablet- align-mobile- jeg_module___69e0f3e625c87\" ><div class=\"heading-section-title  display-inline-block\"><h3 class=\"heading-title\"><\/h3><\/div><div class=\"heading-section-description\"><p><span style=\"font-weight: 400\">Jako lider edukacyjny stajesz przed wyzwaniem: jak unowocze\u015bni\u0107 proces nauczania w ca\u0142ej plac\u00f3wce, zachowuj\u0105c sp\u00f3jno\u015b\u0107 i mo\u017cliwo\u015b\u0107 mierzenia efekt\u00f3w?<\/span><\/p><p><span style=\"font-weight: 400\">EdTool wspiera zar\u00f3wno nauczycieli, jak i administrator\u00f3w, zapewniaj\u0105c narz\u0119dzia do innowacyjnej dydaktyki oraz zaawansowan\u0105 analityk\u0119 niezb\u0119dn\u0105 do monitorowania jako\u015bci i skuteczno\u015bci nauczania, kt\u00f3ry pozwala skutecznie skalowa\u0107 dobre praktyki.<\/span><\/p><p><b>Jednolita strategia dla ca\u0142ej uczelni czy szko\u0142y<\/b><span style=\"font-weight: 400\"> Zamiast pojedynczych inicjatyw, EdTool tworzy sp\u00f3jne \u015brodowisko cyfrowe dla ca\u0142ej instytucji. Ka\u017cdy nauczyciel mo\u017ce anga\u017cowa\u0107 uczni\u00f3w w nowoczesny spos\u00f3b, a administracja ma pe\u0142ny wgl\u0105d w efekty wdro\u017conych metod.\nDzi\u0119ki temu nowoczesne rozwi\u0105zania nie pozostaj\u0105 eksperymentem pojedynczych wydzia\u0142\u00f3w \u2013 staj\u0105 si\u0119 standardem, kt\u00f3ry wspiera efektywn\u0105 nauk\u0119 na wszystkich poziomach.<\/span><\/p><\/div><\/div>\t\t\t\t<\/div>\n\t\t\t\t<\/div>\n\t\t\t\t<div class=\"elementor-element elementor-element-63408a4 elementor-widget elementor-widget-image\" data-id=\"63408a4\" data-element_type=\"widget\" data-widget_type=\"image.default\">\n\t\t\t\t<div class=\"elementor-widget-container\">\n\t\t\t\t\t<style>.elementor-element-63408a4{display:none !important}<\/style>\t\t\t\t<\/div>\n\t\t\t\t<\/div>\n\t\t\t\t<div class=\"elementor-element elementor-element-974adb9 elementor-widget elementor-widget-image\" data-id=\"974adb9\" data-element_type=\"widget\" data-widget_type=\"image.default\">\n\t\t\t\t<div class=\"elementor-widget-container\">\n\t\t\t\t\t\t\t\t\t\t\t\t\t\t\t<img fetchpriority=\"high\" decoding=\"async\" width=\"1921\" height=\"1070\" src=\"https:\/\/www.edtool.com\/wp-content\/uploads\/2025\/03\/Poznaj-EdTool-\u2013-Twojego-asystenta-AI-w-nauczaniu.png\" class=\"attachment-full size-full wp-image-1864\" alt=\"\" srcset=\"https:\/\/www.edtool.com\/wp-content\/uploads\/2025\/03\/Poznaj-EdTool-\u2013-Twojego-asystenta-AI-w-nauczaniu.png 1921w, https:\/\/www.edtool.com\/wp-content\/uploads\/2025\/03\/Poznaj-EdTool-\u2013-Twojego-asystenta-AI-w-nauczaniu-300x167.png 300w, https:\/\/www.edtool.com\/wp-content\/uploads\/2025\/03\/Poznaj-EdTool-\u2013-Twojego-asystenta-AI-w-nauczaniu-1024x570.png 1024w, https:\/\/www.edtool.com\/wp-content\/uploads\/2025\/03\/Poznaj-EdTool-\u2013-Twojego-asystenta-AI-w-nauczaniu-768x428.png 768w, https:\/\/www.edtool.com\/wp-content\/uploads\/2025\/03\/Poznaj-EdTool-\u2013-Twojego-asystenta-AI-w-nauczaniu-1536x856.png 1536w, https:\/\/www.edtool.com\/wp-content\/uploads\/2025\/03\/Poznaj-EdTool-\u2013-Twojego-asystenta-AI-w-nauczaniu-18x10.png 18w\" sizes=\"(max-width: 1921px) 100vw, 1921px\" \/>\t\t\t\t\t\t\t\t\t\t\t\t\t\t\t<\/div>\n\t\t\t\t<\/div>\n\t\t\t\t<\/div>\n\t\t\t\t\t<\/div>\n\t\t\t\t<\/div>\n\t\t\t\t\t<\/div>\n\t\t\t\t<\/div>\n\t\t<div class=\"elementor-element elementor-element-3e8b6db8 e-flex e-con-boxed e-con e-parent\" data-id=\"3e8b6db8\" data-element_type=\"container\" data-settings=\"{&quot;background_background&quot;:&quot;classic&quot;}\">\n\t\t\t\t\t<div class=\"e-con-inner\">\n\t\t<div class=\"elementor-element elementor-element-782678e e-flex e-con-boxed e-con e-child\" data-id=\"782678e\" data-element_type=\"container\">\n\t\t\t\t\t<div class=\"e-con-inner\">\n\t\t\t\t<div class=\"elementor-element elementor-element-12f152fa elementor-invisible elementor-widget elementor-widget-heading\" data-id=\"12f152fa\" data-element_type=\"widget\" data-settings=\"{&quot;_animation&quot;:&quot;fadeInUp&quot;}\" data-widget_type=\"heading.default\">\n\t\t\t\t<div class=\"elementor-widget-container\">\n\t\t\t\t\t<h3 class=\"elementor-heading-title elementor-size-default\">Jak EdTool dzia\u0142a w Twojej instytucji\n<\/h3>\t\t\t\t<\/div>\n\t\t\t\t<\/div>\n\t\t\t\t\t<\/div>\n\t\t\t\t<\/div>\n\t\t<div class=\"elementor-element elementor-element-2a7e605c e-flex e-con-boxed e-con e-child\" data-id=\"2a7e605c\" data-element_type=\"container\">\n\t\t\t\t\t<div class=\"e-con-inner\">\n\t\t<div class=\"elementor-element elementor-element-2477ec87 e-con-full e-flex e-con e-child\" data-id=\"2477ec87\" data-element_type=\"container\">\n\t\t\t\t<div class=\"elementor-element elementor-element-5ede3ad6 elementor-widget__width-initial elementor-widget elementor-widget-heading\" data-id=\"5ede3ad6\" data-element_type=\"widget\" data-widget_type=\"heading.default\">\n\t\t\t\t<div class=\"elementor-widget-container\">\n\t\t\t\t\t<p class=\"elementor-heading-title elementor-size-default\">01<\/p>\t\t\t\t<\/div>\n\t\t\t\t<\/div>\n\t\t\t\t<div class=\"elementor-element elementor-element-573ba98a elementor-widget elementor-widget-heading\" data-id=\"573ba98a\" data-element_type=\"widget\" data-widget_type=\"heading.default\">\n\t\t\t\t<div class=\"elementor-widget-container\">\n\t\t\t\t\t<h4 class=\"elementor-heading-title elementor-size-default\">Wdro\u017cenie<\/h4>\t\t\t\t<\/div>\n\t\t\t\t<\/div>\n\t\t\t\t<div class=\"elementor-element elementor-element-344e26ff elementor-widget__width-initial elementor-widget-tablet__width-inherit elementor-widget elementor-widget-heading\" data-id=\"344e26ff\" data-element_type=\"widget\" data-widget_type=\"heading.default\">\n\t\t\t\t<div class=\"elementor-widget-container\">\n\t\t\t\t\t<p class=\"elementor-heading-title elementor-size-default\">Bezproblemowo wdra\u017caj EdTool w ca\u0142ej swojej instytucji. Niezale\u017cnie od tego, czy zaczynasz od pojedynczego wydzia\u0142u, czy wdra\u017casz w ca\u0142ym kampusie, nasza elastyczna platforma integruje si\u0119 z istniej\u0105cymi systemami i skaluje si\u0119 zgodnie z Twoimi potrzebami.\n<\/p>\t\t\t\t<\/div>\n\t\t\t\t<\/div>\n\t\t\t\t<div class=\"elementor-element elementor-element-1bdfcd7d elementor-absolute elementor-widget-divider--view-line elementor-widget elementor-widget-divider\" data-id=\"1bdfcd7d\" data-element_type=\"widget\" data-settings=\"{&quot;_position&quot;:&quot;absolute&quot;}\" data-widget_type=\"divider.default\">\n\t\t\t\t<div class=\"elementor-widget-container\">\n\t\t\t\t\t\t\t<div class=\"elementor-divider\">\n\t\t\t<span class=\"elementor-divider-separator\">\n\t\t\t\t\t\t<\/span>\n\t\t<\/div>\n\t\t\t\t\t\t<\/div>\n\t\t\t\t<\/div>\n\t\t\t\t<\/div>\n\t\t<div class=\"elementor-element elementor-element-29e497a6 e-con-full e-flex e-con e-child\" data-id=\"29e497a6\" data-element_type=\"container\">\n\t\t\t\t<div class=\"elementor-element elementor-element-28ea721 elementor-widget__width-initial elementor-widget elementor-widget-heading\" data-id=\"28ea721\" data-element_type=\"widget\" data-widget_type=\"heading.default\">\n\t\t\t\t<div class=\"elementor-widget-container\">\n\t\t\t\t\t<p class=\"elementor-heading-title elementor-size-default\">02<\/p>\t\t\t\t<\/div>\n\t\t\t\t<\/div>\n\t\t\t\t<div class=\"elementor-element elementor-element-4318dd10 elementor-widget elementor-widget-heading\" data-id=\"4318dd10\" data-element_type=\"widget\" data-widget_type=\"heading.default\">\n\t\t\t\t<div class=\"elementor-widget-container\">\n\t\t\t\t\t<h4 class=\"elementor-heading-title elementor-size-default\">Monitorowanie<\/h4>\t\t\t\t<\/div>\n\t\t\t\t<\/div>\n\t\t\t\t<div class=\"elementor-element elementor-element-124cc04d elementor-widget__width-initial elementor-widget-tablet__width-inherit elementor-widget elementor-widget-heading\" data-id=\"124cc04d\" data-element_type=\"widget\" data-widget_type=\"heading.default\">\n\t\t\t\t<div class=\"elementor-widget-container\">\n\t\t\t\t\t<p class=\"elementor-heading-title elementor-size-default\">\u015aled\u017a adopcj\u0119 i zaanga\u017cowanie we wszystkich klasach w czasie rzeczywistym. Panel administracyjny zapewnia natychmiastow\u0105 widoczno\u015b\u0107 dzia\u0142a\u0144 dydaktycznych i edukacyjnych w ca\u0142ej instytucji,  pomagaj\u0105c identyfikowa\u0107 zar\u00f3wno najlepsze praktyki, jak i obszary wymagaj\u0105ce wsparcia.<\/p>\t\t\t\t<\/div>\n\t\t\t\t<\/div>\n\t\t\t\t<div class=\"elementor-element elementor-element-afe6106 elementor-absolute elementor-widget-divider--view-line elementor-widget elementor-widget-divider\" data-id=\"afe6106\" data-element_type=\"widget\" data-settings=\"{&quot;_position&quot;:&quot;absolute&quot;}\" data-widget_type=\"divider.default\">\n\t\t\t\t<div class=\"elementor-widget-container\">\n\t\t\t\t\t\t\t<div class=\"elementor-divider\">\n\t\t\t<span class=\"elementor-divider-separator\">\n\t\t\t\t\t\t<\/span>\n\t\t<\/div>\n\t\t\t\t\t\t<\/div>\n\t\t\t\t<\/div>\n\t\t\t\t<\/div>\n\t\t<div class=\"elementor-element elementor-element-7dcfdbb e-con-full e-flex e-con e-child\" data-id=\"7dcfdbb\" data-element_type=\"container\">\n\t\t\t\t<div class=\"elementor-element elementor-element-27cb99fc elementor-widget__width-initial elementor-widget elementor-widget-heading\" data-id=\"27cb99fc\" data-element_type=\"widget\" data-widget_type=\"heading.default\">\n\t\t\t\t<div class=\"elementor-widget-container\">\n\t\t\t\t\t<p class=\"elementor-heading-title elementor-size-default\">03<\/p>\t\t\t\t<\/div>\n\t\t\t\t<\/div>\n\t\t\t\t<div class=\"elementor-element elementor-element-64c817ca elementor-widget elementor-widget-heading\" data-id=\"64c817ca\" data-element_type=\"widget\" data-widget_type=\"heading.default\">\n\t\t\t\t<div class=\"elementor-widget-container\">\n\t\t\t\t\t<h4 class=\"elementor-heading-title elementor-size-default\">Optymalizacja<\/h4>\t\t\t\t<\/div>\n\t\t\t\t<\/div>\n\t\t\t\t<div class=\"elementor-element elementor-element-92f719 elementor-widget__width-initial elementor-widget-tablet__width-inherit elementor-widget elementor-widget-heading\" data-id=\"92f719\" data-element_type=\"widget\" data-widget_type=\"heading.default\">\n\t\t\t\t<div class=\"elementor-widget-container\">\n\t\t\t\t\t<p class=\"elementor-heading-title elementor-size-default\">Analizuj dane dotycz\u0105ce ca\u0142ej instytucji, aby podejmowa\u0107 \u015bwiadome decyzje dotycz\u0105ce rozwoju kadry, alokacji zasob\u00f3w oraz strategii akademickiej. Dzi\u0119ki pe\u0142nej analityce mo\u017cesz skutecznie planowa\u0107 szkolenia, rozwija\u0107 programy nauczania i dba\u0107 o najwy\u017csz\u0105 jako\u015b\u0107 edukacji na poziomie ca\u0142ej organizacji.<\/p>\t\t\t\t<\/div>\n\t\t\t\t<\/div>\n\t\t\t\t<div class=\"elementor-element elementor-element-82268e9 elementor-absolute elementor-widget-divider--view-line elementor-widget elementor-widget-divider\" data-id=\"82268e9\" data-element_type=\"widget\" data-settings=\"{&quot;_position&quot;:&quot;absolute&quot;}\" data-widget_type=\"divider.default\">\n\t\t\t\t<div class=\"elementor-widget-container\">\n\t\t\t\t\t\t\t<div class=\"elementor-divider\">\n\t\t\t<span class=\"elementor-divider-separator\">\n\t\t\t\t\t\t<\/span>\n\t\t<\/div>\n\t\t\t\t\t\t<\/div>\n\t\t\t\t<\/div>\n\t\t\t\t<\/div>\n\t\t\t\t\t<\/div>\n\t\t\t\t<\/div>\n\t\t\t\t\t<\/div>\n\t\t\t\t<\/div>\n\t\t<div class=\"elementor-element elementor-element-4fa11e74 e-flex e-con-boxed e-con e-parent\" data-id=\"4fa11e74\" data-element_type=\"container\">\n\t\t\t\t\t<div class=\"e-con-inner\">\n\t\t<div class=\"elementor-element elementor-element-3b795450 e-flex e-con-boxed e-con e-child\" data-id=\"3b795450\" data-element_type=\"container\">\n\t\t\t\t\t<div class=\"e-con-inner\">\n\t\t<div class=\"elementor-element elementor-element-50280154 e-con-full e-flex e-con e-child\" data-id=\"50280154\" data-element_type=\"container\">\n\t\t\t\t<div class=\"elementor-element elementor-element-6fa5e968 elementor-widget elementor-widget-jkit_heading\" data-id=\"6fa5e968\" data-element_type=\"widget\" data-widget_type=\"jkit_heading.default\">\n\t\t\t\t<div class=\"elementor-widget-container\">\n\t\t\t\t\t<div  class=\"jeg-elementor-kit jkit-heading  align- align-tablet- align-mobile- jeg_module__1_69e0f3e6266f3\" ><div class=\"heading-section-title  display-inline-block\"><h3 class=\"heading-title\">Funkcje wspieraj\u0105ce rozw\u00f3j instytucji<\/h3><\/div><h3 class=\"heading-section-subtitle  style-color\">Pe\u0142na kontrola administracyjna<\/h3><div class=\"heading-section-description\"><ul><li style=\"font-weight: 400\"><b>Centralne zarz\u0105dzanie:<\/b><span style=\"font-weight: 400\">pe\u0142na kontrola nad kontami nauczycieli, klasami i aktywno\u015bciami uczni\u00f3w.<\/span><\/li><li style=\"font-weight: 400\"><b>Indywidualne ustawienia:<\/b><span style=\"font-weight: 400\">mo\u017cliwo\u015b\u0107 dostosowania funkcji dla r\u00f3\u017cnych klas, szk\u00f3\u0142, wydzia\u0142\u00f3w czy poziom\u00f3w nauczania.<\/span><\/li><li style=\"font-weight: 400\"><b>Zaawansowana analityka:<\/b><span>raportowanie wynik\u00f3w, analiza \u015bcie\u017cek nauki i monitorowanie post\u0119p\u00f3w.<\/span><\/li><\/ul><\/div><\/div>\t\t\t\t<\/div>\n\t\t\t\t<\/div>\n\t\t\t\t<\/div>\n\t\t\t\t\t<\/div>\n\t\t\t\t<\/div>\n\t\t<div class=\"elementor-element elementor-element-440dd0c7 e-con-full e-flex e-con e-child\" data-id=\"440dd0c7\" data-element_type=\"container\">\n\t\t<div class=\"elementor-element elementor-element-81b06e8 e-con-full e-flex e-con e-child\" data-id=\"81b06e8\" data-element_type=\"container\">\n\t\t\t\t<div class=\"elementor-element elementor-element-2add4bc7 elementor-widget elementor-widget-jkit_heading\" data-id=\"2add4bc7\" data-element_type=\"widget\" data-widget_type=\"jkit_heading.default\">\n\t\t\t\t<div class=\"elementor-widget-container\">\n\t\t\t\t\t<div  class=\"jeg-elementor-kit jkit-heading  align- align-tablet- align-mobile- jeg_module__2_69e0f3e626a5e\" ><div class=\"heading-section-title  display-inline-block\"><h3 class=\"heading-title\"><span class=\"style-color\"><span>Realne korzy\u015bci dla szk\u00f3\u0142 i uczelni<\/span><\/span><\/h3><\/div><h3 class=\"heading-section-subtitle  style-color\">Wi\u0119kszy wp\u0142yw na jako\u015b\u0107 nauczania <\/h3><div class=\"heading-section-description\"><p><span style=\"font-weight: 400\">Ka\u017cdy nauczyciel ma dost\u0119p do narz\u0119dzi u\u0142atwiaj\u0105cych tworzenie anga\u017cuj\u0105cych lekcji, a administracja mo\u017ce monitorowa\u0107 jako\u015b\u0107 nauczania i wspiera\u0107 najlepsze praktyki w ca\u0142ej plac\u00f3wce.<\/span><\/p><\/div><\/div>\t\t\t\t<\/div>\n\t\t\t\t<\/div>\n\t\t\t\t<\/div>\n\t\t\t\t<\/div>\n\t\t<div class=\"elementor-element elementor-element-0eaf42d e-con-full e-flex e-con e-child\" data-id=\"0eaf42d\" data-element_type=\"container\">\n\t\t<div class=\"elementor-element elementor-element-e8c4f45 e-con-full e-flex e-con e-child\" data-id=\"e8c4f45\" data-element_type=\"container\">\n\t\t\t\t<div class=\"elementor-element elementor-element-2bb9119 elementor-widget elementor-widget-jkit_heading\" data-id=\"2bb9119\" data-element_type=\"widget\" data-widget_type=\"jkit_heading.default\">\n\t\t\t\t<div class=\"elementor-widget-container\">\n\t\t\t\t\t<div  class=\"jeg-elementor-kit jkit-heading  align- align-tablet- align-mobile- jeg_module__3_69e0f3e626d21\" ><div class=\"heading-section-title  display-inline-block\"><h3 class=\"heading-title\"><span class=\"style-color\"><span>Jednolity system oceniania i raportowania<\/span><\/span><\/h3><\/div><div class=\"heading-section-description\"><p><span style=\"font-weight: 400\">Dzi\u0119ki analizie danych mo\u017cna por\u00f3wnywa\u0107 poziom zaanga\u017cowania i efekty nauki w r\u00f3\u017cnych dzia\u0142ach czy programach \u2013 to konkretna pomoc w akredytacjach i ocenach jako\u015bci kszta\u0142cenia.<\/span><\/p><ul><li style=\"font-weight: 400\"><span style=\"font-weight: 400\">Analiza zaanga\u017cowania student\u00f3w i nauczycieli w r\u00f3\u017cnych dzia\u0142ach.<\/span><\/li><li style=\"font-weight: 400\"><span style=\"font-weight: 400\">\u015aledzenie poziomu adopcji nowych narz\u0119dzi i identyfikacja obszar\u00f3w wymagaj\u0105cych dodatkowego wsparcia.<\/span><\/li><li style=\"font-weight: 400\"><span style=\"font-weight: 400\">Raportowanie efekt\u00f3w nauczania i ich wp\u0142ywu na wyniki student\u00f3w.<\/span><\/li><li style=\"font-weight: 400\"><span style=\"font-weight: 400\">Automatyczne generowanie raport\u00f3w wspieraj\u0105cych akredytacje i ewaluacj\u0119 program\u00f3w edukacyjnych.<\/span><\/li><\/ul><\/div><\/div>\t\t\t\t<\/div>\n\t\t\t\t<\/div>\n\t\t\t\t<\/div>\n\t\t\t\t<\/div>\n\t\t\t\t\t<\/div>\n\t\t\t\t<\/div>\n\t\t<div class=\"elementor-element elementor-element-69b792f7 e-flex e-con-boxed e-con e-parent\" data-id=\"69b792f7\" data-element_type=\"container\">\n\t\t\t\t\t<div class=\"e-con-inner\">\n\t\t<div class=\"elementor-element elementor-element-33ceb95c e-con-full e-flex e-con e-child\" data-id=\"33ceb95c\" data-element_type=\"container\">\n\t\t\t\t<div class=\"elementor-element elementor-element-15a2350a elementor-widget elementor-widget-heading\" data-id=\"15a2350a\" data-element_type=\"widget\" data-widget_type=\"heading.default\">\n\t\t\t\t<div class=\"elementor-widget-container\">\n\t\t\t\t\t<h2 class=\"elementor-heading-title elementor-size-default\">Do\u0142\u0105cz do naszego zespo\u0142u<\/h2>\t\t\t\t<\/div>\n\t\t\t\t<\/div>\n\t\t\t\t<div class=\"elementor-element elementor-element-26952807 elementor-invisible elementor-widget elementor-widget-heading\" data-id=\"26952807\" data-element_type=\"widget\" data-settings=\"{&quot;_animation&quot;:&quot;fadeInUp&quot;}\" data-widget_type=\"heading.default\">\n\t\t\t\t<div class=\"elementor-widget-container\">\n\t\t\t\t\t<h3 class=\"elementor-heading-title elementor-size-default\">Czas na nowoczesne podej\u015bcie do nauki w ca\u0142ej instytucji<\/h3>\t\t\t\t<\/div>\n\t\t\t\t<\/div>\n\t\t\t\t<div class=\"elementor-element elementor-element-5c193dab elementor-widget elementor-widget-text-editor\" data-id=\"5c193dab\" data-element_type=\"widget\" data-widget_type=\"text-editor.default\">\n\t\t\t\t<div class=\"elementor-widget-container\">\n\t\t\t\t\t\t\t\t\t<p><span style=\"font-weight: 400;\">Do\u0142\u0105cz do czo\u0142owych szk\u00f3\u0142 i uczelni, kt\u00f3re wybra\u0142y EdTool, aby stworzy\u0107 bardziej anga\u017cuj\u0105ce, skuteczne i dost\u0119pne \u015brodowisko edukacyjne na du\u017c\u0105 skal\u0119.<\/span><\/p><p><span style=\"font-weight: 400;\">Twoja instytucja zas\u0142uguje na sp\u00f3jne i nowoczesne rozwi\u0105zanie cyfrowe, kt\u00f3re \u0142\u0105czy wysokie standardy nauczania z przestrzeni\u0105 do innowacji.<\/span><\/p><p><span style=\"font-weight: 400;\">Pozw\u00f3l EdTool zbudowa\u0107 kultur\u0119 aktywnej nauki w ca\u0142ej organizacji \u2013 tak, aby ka\u017cdy nauczyciel mia\u0142 narz\u0119dzia do sukcesu, a ka\u017cdy student realne mo\u017cliwo\u015bci pe\u0142nego zaanga\u017cowania w swoj\u0105 edukacj\u0119.<\/span><\/p>\t\t\t\t\t\t\t\t<\/div>\n\t\t\t\t<\/div>\n\t\t\t\t<\/div>\n\t\t\t\t<div class=\"elementor-element elementor-element-3e80b18 elementor-widget__width-initial elementor-widget-mobile__width-inherit elementor-widget elementor-widget-image\" data-id=\"3e80b18\" data-element_type=\"widget\" data-widget_type=\"image.default\">\n\t\t\t\t<div class=\"elementor-widget-container\">\n\t\t\t\t\t\t\t\t\t\t\t\t\t\t\t<img decoding=\"async\" src=\"https:\/\/www.edtool.com\/wp-content\/uploads\/2025\/03\/For-Education.png\" title=\"\" alt=\"\" loading=\"lazy\" \/>\t\t\t\t\t\t\t\t\t\t\t\t\t\t\t<\/div>\n\t\t\t\t<\/div>\n\t\t\t\t\t<\/div>\n\t\t\t\t<\/div>\n\t\t\t\t<\/div>","protected":false},"excerpt":{"rendered":"<p>School &amp; University School &amp; University EdTool: Transform Campus-Wide Learning with Institutional Innovation As an educational leader, you face a complex challenge: How do you modernize teaching and learning across your entire institution while maintaining consistency and measuring impact? EdTool&#8217;s institutional solution empowers your entire academic community\u2014giving teachers the tools to innovate while providing administrators [&hellip;]<\/p>","protected":false},"author":4,"featured_media":0,"parent":0,"menu_order":0,"comment_status":"closed","ping_status":"closed","template":"","meta":{"content-type":"","footnotes":""},"class_list":["post-1636","page","type-page","status-publish","hentry"],"_links":{"self":[{"href":"https:\/\/www.edtool.com\/pl\/wp-json\/wp\/v2\/pages\/1636","targetHints":{"allow":["GET"]}}],"collection":[{"href":"https:\/\/www.edtool.com\/pl\/wp-json\/wp\/v2\/pages"}],"about":[{"href":"https:\/\/www.edtool.com\/pl\/wp-json\/wp\/v2\/types\/page"}],"author":[{"embeddable":true,"href":"https:\/\/www.edtool.com\/pl\/wp-json\/wp\/v2\/users\/4"}],"replies":[{"embeddable":true,"href":"https:\/\/www.edtool.com\/pl\/wp-json\/wp\/v2\/comments?post=1636"}],"version-history":[{"count":16,"href":"https:\/\/www.edtool.com\/pl\/wp-json\/wp\/v2\/pages\/1636\/revisions"}],"predecessor-version":[{"id":2154,"href":"https:\/\/www.edtool.com\/pl\/wp-json\/wp\/v2\/pages\/1636\/revisions\/2154"}],"wp:attachment":[{"href":"https:\/\/www.edtool.com\/pl\/wp-json\/wp\/v2\/media?parent=1636"}],"curies":[{"name":"wp","href":"https:\/\/api.w.org\/{rel}","templated":true}]}}