{"id":1269,"date":"2025-02-28T08:41:54","date_gmt":"2025-02-28T08:41:54","guid":{"rendered":"https:\/\/www.edtool.com\/?page_id=1269"},"modified":"2026-04-09T09:35:28","modified_gmt":"2026-04-09T08:35:28","slug":"skontaktuj-sie-z-nami","status":"publish","type":"page","link":"https:\/\/www.edtool.com\/pl\/skontaktuj-sie-z-nami\/","title":{"rendered":"Kontakt"},"content":{"rendered":"<div data-elementor-type=\"wp-page\" data-elementor-id=\"1269\" class=\"elementor elementor-1269\" data-elementor-post-type=\"page\">\n\t\t\t\t<div class=\"elementor-element elementor-element-2046f1bf e-flex e-con-boxed e-con e-parent\" data-id=\"2046f1bf\" data-element_type=\"container\" data-e-type=\"container\" data-settings=\"{&quot;background_background&quot;:&quot;classic&quot;}\">\n\t\t\t\t\t<div class=\"e-con-inner\">\n\t\t\t\t<div class=\"elementor-element elementor-element-d4394ce elementor-widget elementor-widget-image\" data-id=\"d4394ce\" data-element_type=\"widget\" data-e-type=\"widget\" data-widget_type=\"image.default\">\n\t\t\t\t<div class=\"elementor-widget-container\">\n\t\t\t\t\t\t\t\t\t\t\t\t\t\t\t<img fetchpriority=\"high\" decoding=\"async\" width=\"511\" height=\"511\" src=\"https:\/\/www.edtool.com\/wp-content\/uploads\/2025\/03\/icon_edtool_kolor_500px-white.png\" class=\"attachment-large size-large wp-image-4015\" alt=\"Abstrakcyjne bia\u0142e kszta\u0142ty na czarnym tle\" srcset=\"https:\/\/www.edtool.com\/wp-content\/uploads\/2025\/03\/icon_edtool_kolor_500px-white.png 511w, https:\/\/www.edtool.com\/wp-content\/uploads\/2025\/03\/icon_edtool_kolor_500px-white-300x300.png 300w, https:\/\/www.edtool.com\/wp-content\/uploads\/2025\/03\/icon_edtool_kolor_500px-white-150x150.png 150w, https:\/\/www.edtool.com\/wp-content\/uploads\/2025\/03\/icon_edtool_kolor_500px-white-12x12.png 12w\" sizes=\"(max-width: 511px) 100vw, 511px\" \/>\t\t\t\t\t\t\t\t\t\t\t\t\t\t\t<\/div>\n\t\t\t\t<\/div>\n\t\t\t\t<div class=\"elementor-element elementor-element-df1c144 elementor-widget elementor-widget-heading\" data-id=\"df1c144\" data-element_type=\"widget\" data-e-type=\"widget\" data-widget_type=\"heading.default\">\n\t\t\t\t<div class=\"elementor-widget-container\">\n\t\t\t\t\t<h1 class=\"elementor-heading-title elementor-size-default\">Kontakt<\/h1>\t\t\t\t<\/div>\n\t\t\t\t<\/div>\n\t\t\t\t<div class=\"elementor-element elementor-element-8985362 elementor-widget elementor-widget-text-editor\" data-id=\"8985362\" data-element_type=\"widget\" data-e-type=\"widget\" data-widget_type=\"text-editor.default\">\n\t\t\t\t<div class=\"elementor-widget-container\">\n\t\t\t\t\t\t\t\t\t<p>Masz pytanie? Nasz zesp\u00f3\u0142 jest tutaj, aby pom\u00f3c!<\/p>\t\t\t\t\t\t\t\t<\/div>\n\t\t\t\t<\/div>\n\t\t\t\t\t<\/div>\n\t\t\t\t<\/div>\n\t\t<div class=\"elementor-element elementor-element-af7fe1d e-flex e-con-boxed e-con e-parent\" data-id=\"af7fe1d\" data-element_type=\"container\" data-e-type=\"container\" data-settings=\"{&quot;background_background&quot;:&quot;classic&quot;}\">\n\t\t\t\t\t<div class=\"e-con-inner\">\n\t\t<div class=\"elementor-element elementor-element-ef5bc07 e-con-full e-flex e-con e-child\" data-id=\"ef5bc07\" data-element_type=\"container\" data-e-type=\"container\">\n\t\t\t\t<div class=\"elementor-element elementor-element-00b90ed elementor-widget elementor-widget-spacer\" data-id=\"00b90ed\" data-element_type=\"widget\" data-e-type=\"widget\" data-widget_type=\"spacer.default\">\n\t\t\t\t<div class=\"elementor-widget-container\">\n\t\t\t\t\t\t\t<div class=\"elementor-spacer\">\n\t\t\t<div class=\"elementor-spacer-inner\"><\/div>\n\t\t<\/div>\n\t\t\t\t\t\t<\/div>\n\t\t\t\t<\/div>\n\t\t\t\t<div class=\"elementor-element elementor-element-7068100 elementor-widget elementor-widget-text-editor\" data-id=\"7068100\" data-element_type=\"widget\" data-e-type=\"widget\" data-widget_type=\"text-editor.default\">\n\t\t\t\t<div class=\"elementor-widget-container\">\n\t\t\t\t\t\t\t\t\t<p>Witaj!<\/p>\t\t\t\t\t\t\t\t<\/div>\n\t\t\t\t<\/div>\n\t\t\t\t<div class=\"elementor-element elementor-element-dfd62bf elementor-widget__width-initial elementor-widget elementor-widget-text-editor\" data-id=\"dfd62bf\" data-element_type=\"widget\" data-e-type=\"widget\" data-widget_type=\"text-editor.default\">\n\t\t\t\t<div class=\"elementor-widget-container\">\n\t\t\t\t\t\t\t\t\t<p>Masz pytanie, pomys\u0142 lub propozycj\u0119 wsp\u00f3\u0142pracy?<\/p><p>Zostaw nam wiadomo\u015b\u0107, a my skontaktujemy si\u0119 z Tob\u0105 najszybciej jak to mo\u017cliwe.<\/p>\t\t\t\t\t\t\t\t<\/div>\n\t\t\t\t<\/div>\n\t\t\t\t<div class=\"elementor-element elementor-element-9a568d3 elementor-widget-divider--view-line elementor-widget elementor-widget-divider\" data-id=\"9a568d3\" data-element_type=\"widget\" data-e-type=\"widget\" data-widget_type=\"divider.default\">\n\t\t\t\t<div class=\"elementor-widget-container\">\n\t\t\t\t\t\t\t<div class=\"elementor-divider\">\n\t\t\t<span class=\"elementor-divider-separator\">\n\t\t\t\t\t\t<\/span>\n\t\t<\/div>\n\t\t\t\t\t\t<\/div>\n\t\t\t\t<\/div>\n\t\t\t\t<div class=\"elementor-element elementor-element-5c4d338 elementor-widget elementor-widget-text-editor\" data-id=\"5c4d338\" data-element_type=\"widget\" data-e-type=\"widget\" data-widget_type=\"text-editor.default\">\n\t\t\t\t<div class=\"elementor-widget-container\">\n\t\t\t\t\t\t\t\t\t<p>Wsparcie techniczne<\/p>\t\t\t\t\t\t\t\t<\/div>\n\t\t\t\t<\/div>\n\t\t\t\t<div class=\"elementor-element elementor-element-5eca1c7 elementor-widget__width-initial elementor-widget elementor-widget-text-editor\" data-id=\"5eca1c7\" data-element_type=\"widget\" data-e-type=\"widget\" data-widget_type=\"text-editor.default\">\n\t\t\t\t<div class=\"elementor-widget-container\">\n\t\t\t\t\t\t\t\t\tJe\u015bli potrzebujesz pomocy technicznej, skorzystaj z\u00a0<a style=\"color: #ffffff;\" href=\"https:\/\/www.edtool.com\/pl\/prosba-o-wsparcie\/\">tego linku<\/a>.\t\t\t\t\t\t\t\t<\/div>\n\t\t\t\t<\/div>\n\t\t\t\t<div class=\"elementor-element elementor-element-7ed48f9 elementor-widget-divider--view-line elementor-widget elementor-widget-divider\" data-id=\"7ed48f9\" data-element_type=\"widget\" data-e-type=\"widget\" data-widget_type=\"divider.default\">\n\t\t\t\t<div class=\"elementor-widget-container\">\n\t\t\t\t\t\t\t<div class=\"elementor-divider\">\n\t\t\t<span class=\"elementor-divider-separator\">\n\t\t\t\t\t\t<\/span>\n\t\t<\/div>\n\t\t\t\t\t\t<\/div>\n\t\t\t\t<\/div>\n\t\t\t\t<div class=\"elementor-element elementor-element-afd6ca0 elementor-widget elementor-widget-text-editor\" data-id=\"afd6ca0\" data-element_type=\"widget\" data-e-type=\"widget\" data-widget_type=\"text-editor.default\">\n\t\t\t\t<div class=\"elementor-widget-container\">\n\t\t\t\t\t\t\t\t\t<p>Do\u0142\u0105cz do Autoryzowanego<br \/>Programu Resellerskiego<\/p>\t\t\t\t\t\t\t\t<\/div>\n\t\t\t\t<\/div>\n\t\t\t\t<div class=\"elementor-element elementor-element-35265aa elementor-widget__width-initial elementor-widget elementor-widget-text-editor\" data-id=\"35265aa\" data-element_type=\"widget\" data-e-type=\"widget\" data-widget_type=\"text-editor.default\">\n\t\t\t\t<div class=\"elementor-widget-container\">\n\t\t\t\t\t\t\t\t\t<p>Aby uzyska\u0107 wi\u0119cej informacji,\u00a0<a class=\"ring-ui-link_d2bf\" href=\"https:\/\/www.edtool.com\/pl\/wzmacniacz\/\" target=\"_blank\" rel=\"noopener noreferrer nofollow\" data-pos=\"324\">kliknij tutaj<\/a>.<\/p>\t\t\t\t\t\t\t\t<\/div>\n\t\t\t\t<\/div>\n\t\t\t\t<div class=\"elementor-element elementor-element-148ccc3 elementor-widget elementor-widget-spacer\" data-id=\"148ccc3\" data-element_type=\"widget\" data-e-type=\"widget\" data-widget_type=\"spacer.default\">\n\t\t\t\t<div class=\"elementor-widget-container\">\n\t\t\t\t\t\t\t<div class=\"elementor-spacer\">\n\t\t\t<div class=\"elementor-spacer-inner\"><\/div>\n\t\t<\/div>\n\t\t\t\t\t\t<\/div>\n\t\t\t\t<\/div>\n\t\t\t\t<\/div>\n\t\t<div class=\"elementor-element elementor-element-ce143f1 e-con-full e-flex elementor-invisible e-con e-child\" data-id=\"ce143f1\" data-element_type=\"container\" data-e-type=\"container\" data-settings=\"{&quot;background_background&quot;:&quot;classic&quot;,&quot;animation&quot;:&quot;fadeInUp&quot;}\">\n\t\t\t\t<div class=\"elementor-element elementor-element-5cc37be elementor-widget elementor-widget-html\" data-id=\"5cc37be\" data-element_type=\"widget\" data-e-type=\"widget\" data-widget_type=\"html.default\">\n\t\t\t\t<div class=\"elementor-widget-container\">\n\t\t\t\t\t<style>.elementor-element-5cc37be{display:none !important}<\/style>\t\t\t\t<\/div>\n\t\t\t\t<\/div>\n\t\t\t\t<div class=\"elementor-element elementor-element-c9a1c15 elementor-widget elementor-widget-html\" data-id=\"c9a1c15\" data-element_type=\"widget\" data-e-type=\"widget\" data-no-translation=\"\" data-widget_type=\"html.default\">\n\t\t\t\t<div class=\"elementor-widget-container\">\n\t\t\t\t\t<script charset=\"utf-8\" type=\"text\/javascript\" src=\"\/\/js.hsforms.net\/forms\/embed\/v2.js\"><\/script>\n<script>\n  hbspt.forms.create({\n    portalId: \"2900839\",\n    formId: \"f23b9ca7-0169-4d15-b18e-ba27ac9f1bbb\",\n    region: \"na1\"\n  });\n<\/script>\t\t\t\t<\/div>\n\t\t\t\t<\/div>\n\t\t\t\t<\/div>\n\t\t\t\t\t<\/div>\n\t\t\t\t<\/div>\n\t\t\t\t<\/div>","protected":false},"excerpt":{"rendered":"<p>Skontaktuj si\u0119 z nami Masz pytanie? Nasz zesp\u00f3\u0142 jest do Twojej dyspozycji! Dzie\u0144 dobry! Masz pytanie, pomys\u0142 lub propozycj\u0119 wsp\u00f3\u0142pracy? Zostaw nam wiadomo\u015b\u0107, a my skontaktujemy si\u0119 z Tob\u0105 jak najszybciej. Pomoc techniczna Je\u015bli potrzebujesz pomocy technicznej, skorzystaj z tego linku. Do\u0142\u0105cz do programu autoryzowanych sprzedawc\u00f3w Po wi\u0119cej szczeg\u00f3\u0142\u00f3w kliknij tutaj.<\/p>","protected":false},"author":4,"featured_media":0,"parent":0,"menu_order":0,"comment_status":"closed","ping_status":"closed","template":"","meta":{"content-type":"","footnotes":""},"class_list":["post-1269","page","type-page","status-publish","hentry"],"_links":{"self":[{"href":"https:\/\/www.edtool.com\/pl\/wp-json\/wp\/v2\/pages\/1269","targetHints":{"allow":["GET"]}}],"collection":[{"href":"https:\/\/www.edtool.com\/pl\/wp-json\/wp\/v2\/pages"}],"about":[{"href":"https:\/\/www.edtool.com\/pl\/wp-json\/wp\/v2\/types\/page"}],"author":[{"embeddable":true,"href":"https:\/\/www.edtool.com\/pl\/wp-json\/wp\/v2\/users\/4"}],"replies":[{"embeddable":true,"href":"https:\/\/www.edtool.com\/pl\/wp-json\/wp\/v2\/comments?post=1269"}],"version-history":[{"count":261,"href":"https:\/\/www.edtool.com\/pl\/wp-json\/wp\/v2\/pages\/1269\/revisions"}],"predecessor-version":[{"id":14596,"href":"https:\/\/www.edtool.com\/pl\/wp-json\/wp\/v2\/pages\/1269\/revisions\/14596"}],"wp:attachment":[{"href":"https:\/\/www.edtool.com\/pl\/wp-json\/wp\/v2\/media?parent=1269"}],"curies":[{"name":"wp","href":"https:\/\/api.w.org\/{rel}","templated":true}]}}